{"id":15188,"date":"2025-11-13T19:21:27","date_gmt":"2025-11-13T18:21:27","guid":{"rendered":"https:\/\/vraia.futurecomunicacion.com\/?page_id=15188"},"modified":"2025-11-13T19:37:21","modified_gmt":"2025-11-13T18:37:21","slug":"politica-de-privacidad","status":"publish","type":"page","link":"https:\/\/vraia.com\/pt\/politica-de-privacidad\/","title":{"rendered":"Pol\u00edtica de privacidade"},"content":{"rendered":"<div class=\"elementor-element elementor-element-997d6bc e-flex e-con-boxed e-con e-parent\" data-id=\"997d6bc\" data-element_type=\"container\" data-core-v316-plus=\"true\">\r\n<div class=\"e-con-inner\">\r\n<div class=\"elementor-element elementor-element-1ea33b4 elementor-widget elementor-widget-text-editor\" data-id=\"1ea33b4\" data-element_type=\"widget\" data-widget_type=\"text-editor.default\">\r\n<div class=\"elementor-widget-container\">VRAIA CORP, S.L.\u00a0se compromete a proteger su privacidad. Esta Pol\u00edtica de Privacidad explica c\u00f3mo recopilamos y utilizamos sus datos personales y qu\u00e9 derechos y opciones tiene al respecto. Consulte tambi\u00e9n nuestra Pol\u00edtica de cookies que explica el uso de cookies y otros dispositivos de seguimiento de la web a trav\u00e9s de nuestro sitio web. <strong>\u2013 \u00bfQui\u00e9n es el responsable del tratamiento de sus datos personales?<\/strong> <b>VRAIA CORP, S.L.<\/b>\u00a0con N.I.F. B-54445978 domicilio social en\u00a0C\/ Siller\u00eda, 13 \u2013 CP:\u00a003680 \u2013\u00a0Aspe \u2013\u00a0Alicante, con n\u00famero de tel\u00e9fono 966-11.38.88 y e-mail: info@vraiacorp.com, es el responsable del tratamiento de sus datos de car\u00e1cter personal. Por tanto, nosotros le garantizamos su seguridad y tratamiento confidencial, de conformidad con lo dispuesto en el REGLAMENTO EUROPEO DE PROTECCION DE DATOS (UE) 679\/2016, as\u00ed como cualquier otra normativa que resulte de aplicaci\u00f3n. <strong>\u2013 \u00bfCon que fines utilizamos sus datos personales?<\/strong> En\u00a0VRAIA CORP, S.L.\u00a0utilizamos sus datos en la medida en que sea permitido por el RGPD, as\u00ed como por la normativa vigente. En todo caso el tratamiento se har\u00e1 para fines determinados, expl\u00edcitos y leg\u00edtimos, y en ning\u00fan caso ser\u00e1n tratados de manera incompatible para dichos fines. En concreto se llevar\u00e1n a cabo los siguientes tratamientos:\r\n<ul>\r\n<li>Para configurar y administrar su cuenta, proporcionar asistencia t\u00e9cnica al cliente, y capacitaci\u00f3n, verificar su identidad y enviar informaci\u00f3n importante sobre la cuenta, la suscripci\u00f3n y el Servicio.<\/li>\r\n<li>Gestionar y administrar su relaci\u00f3n comercial con\u00a0VRAIA CORP, S.L., para la prestaci\u00f3n de los servicios solicitados, as\u00ed como su mantenimiento, la gesti\u00f3n de atenci\u00f3n al cliente, y en general el cumplimiento de las obligaciones del contrato, incluida la tramitaci\u00f3n de pagos, contabilidad, auditor\u00eda, facturaci\u00f3n y cobro, servicios de apoyo.<\/li>\r\n<li>Cumplimiento de nuestras obligaciones legales.<\/li>\r\n<li>Para ofrecer y sugerir contenidos personalizados como noticias, investigaciones, informes e informaci\u00f3n comercial. Analizamos la manera en que utiliza nuestros Servicios para sugerirle funciones o Servicios que creemos que le interesar\u00e1n y para que podamos hacer que nuestros servicios sean m\u00e1s f\u00e1ciles de usar.<\/li>\r\n<li>Para comunicarnos con usted en relaci\u00f3n con encuestas y sondeos en los que desee participar y llevarlos a cabo para analizar los datos recopilados con fines de investigaci\u00f3n de mercado.<\/li>\r\n<li>Para hacer cumplir nuestros t\u00e9rminos y condiciones.<\/li>\r\n<li>Para proporcionarle el marketing en las condiciones que permita la ley.<\/li>\r\n<li>Para proteger nuestros derechos, privacidad, seguridad, redes, sistemas y bienes o los de otras personas.<\/li>\r\n<li>Analizar y mejorar nuestros servicios y comunicaciones con usted<\/li>\r\n<li>Supervisar y evaluar el cumplimiento de nuestras pol\u00edticas y normas.<\/li>\r\n<\/ul>\r\n<strong>\u2013 \u00bfCu\u00e1l es la legitimaci\u00f3n para el tratamiento de sus datos?<\/strong> La legitimaci\u00f3n de los tratamientos de los datos personales que llevamos a cabo se hace en todo momento en cumplimiento con lo dispuesto en el art\u00edculo 6 del RGPD, en concreto la base jur\u00eddica para los tratamientos son las siguientes:\r\n<ul>\r\n<li>RGPD: 6.1.b) Tratamiento necesario para la ejecuci\u00f3n de un contrato en el que el interesado es parte o para la aplicaci\u00f3n a petici\u00f3n de \u00e9ste de medidas precontractuales.<\/li>\r\n<li>RGPD: 6.1.c) Tratamiento necesario para el cumplimiento de una obligaci\u00f3n legal aplicable al responsable del tratamiento.<\/li>\r\n<li>RGPD 6.1.f) Tratamiento es necesario para la satisfacci\u00f3n de intereses leg\u00edtimos de\u00a0VRAIA CORP, S.L.\u00a0o por terceros con indicaci\u00f3n de dichos intereses leg\u00edtimos.<\/li>\r\n<\/ul>\r\nEn los casos en que la legitimaci\u00f3n para la finalidad principal del uso de datos no se encuentre en ninguna de las bases jur\u00eddicas anteriores, se solicitar\u00e1 el consentimiento del interesado para el tratamiento. <strong>\u2013 \u00bfCu\u00e1nto tiempo conservamos tus datos?<\/strong> Los datos personales proporcionados se conservar\u00e1n durante el tiempo necesario para cumplir con la finalidad para la que se recaban y para determinar las posibles responsabilidades que se pudieran derivar de la finalidad, adem\u00e1s de los per\u00edodos establecidos en la normativa de archivos y documentaci\u00f3n. <strong>\u2013 \u00bfCon qui\u00e9n compartimos tus datos?<\/strong> Para cumplir las finalidades indicadas en la presente Pol\u00edtica de Privacidad, es necesario que demos acceso a sus datos personales a terceras partes que nos presten apoyo en los servicios que te ofrecemos, a saber:\r\n<ul>\r\n<li>Entidades financieras<\/li>\r\n<li>Entidades de detecci\u00f3n y prevenci\u00f3n de fraude<\/li>\r\n<li>Asesor\u00edas<\/li>\r\n<li>Proveedores de servicios tecnol\u00f3gicos<\/li>\r\n<li>Proveedores y colaboradores de servicios de log\u00edstica, transporte y entrega<\/li>\r\n<li>Proveedores de servicios relacionados con atenci\u00f3n al cliente<\/li>\r\n<li>Proveedores y colaboradores de servicios relacionados con marketing y Publicidad<\/li>\r\n<li>Administraci\u00f3n p\u00fablica<\/li>\r\n<li>Los terceros que nos ayudan a prestar los Servicios o que act\u00faan en nuestro nombre<\/li>\r\n<\/ul>\r\n<strong>\u2013 \u00bfCu\u00e1les son sus derechos?<\/strong> En particular, independientemente de la finalidad o la base legal en virtud de la que tratemos sus datos, tiene derecho a:\r\n<ul>\r\n<li>Derecho de acceso: cualquier persona tiene derecho a obtener confirmaci\u00f3n sobre si\u00a0VRAIA CORP, S.L.\u00a0esta tratando datos personales que le conciernan. o Derecho de rectificaci\u00f3n: Usted tiene derecho a acceder a sus datos personales de los que disponemos y solicitar su rectificaci\u00f3n cuando estos sean inexacto.<\/li>\r\n<li>Derecho de supresi\u00f3n: cuando los datos recabados ya no sean necesarios para la finalidad para los fines que fueron recabados.<\/li>\r\n<li>Derecho a la limitaci\u00f3n del tratamiento: podr\u00e1 solicitar la limitaci\u00f3n del tratamiento de sus datos y solicitar que se conserven para el ejercicio o defensa de reclamaciones. o Derecho de portabilidad: tiene derecho a obtener los datos personales que les incumben en un formato estructurado de uso com\u00fan y lectura mec\u00e1nica y a transmitirlos a otro responsable.<\/li>\r\n<li>Derecho a retirar consentimiento: el derecho a retirar cualquier consentimiento que usted nos haya dado previamente para manejar su informaci\u00f3n personal. Si retira su consentimiento, esto no afectar\u00e1 la legalidad del uso que le dimos a su informaci\u00f3n personal antes de que retirara su consentimiento<\/li>\r\n<\/ul>\r\n<strong>\u2013 \u00bfC\u00f3mo puede ejercer sus derechos?<\/strong> VRAIA CORP, S.L.\u00a0se compromete a respetar la confidencialidad de sus datos personales y a garantizarle el ejercicio de sus derechos. Puede ejercitarlos sin coste alguno escribi\u00e9ndonos un correo electr\u00f3nico a nuestra direcci\u00f3n info@vraiacorp.com\u00a0simplemente indic\u00e1ndonos el motivo de su solicitud y el derecho que quiere ejercitar, inform\u00e1ndole que es imprescindible, seg\u00fan Ley, que aporte copia de DNI o NIE. Se le informa que tambi\u00e9n puede ejercer sus derechos presentando una declaraci\u00f3n ante la autoridad de control competente, cuando no haya obtenido satisfacci\u00f3n en el ejercicio de sus derechos. <strong>\u2013 DPD-Delegado Protecci\u00f3n de datos<\/strong> No designado<\/div>\r\n<\/div>\r\n<\/div>\r\n<\/div>\r\n<div class=\"elementor-element elementor-element-13783a6e e-flex e-con-boxed e-con e-parent\" data-id=\"13783a6e\" data-element_type=\"container\" data-core-v316-plus=\"true\">\r\n<div class=\"e-con-inner\">\r\n<div class=\"elementor-element elementor-element-21aad0c0 elementor-widget elementor-widget-heading\" data-id=\"21aad0c0\" data-element_type=\"widget\" data-widget_type=\"heading.default\">\r\n<div class=\"elementor-widget-container\">\r\n<h3 class=\"elementor-heading-title elementor-size-default wp-block-heading\">Aviso legal<\/h3>\r\n<\/div>\r\n<\/div>\r\n<\/div>\r\n<\/div>\r\n<div class=\"elementor-element elementor-element-5e82b2d1 e-flex e-con-boxed e-con e-parent\" data-id=\"5e82b2d1\" data-element_type=\"container\" data-core-v316-plus=\"true\">\r\n<div class=\"e-con-inner\">\r\n<div class=\"elementor-element elementor-element-7c4bcc70 elementor-widget elementor-widget-text-editor\" data-id=\"7c4bcc70\" data-element_type=\"widget\" data-widget_type=\"text-editor.default\">\r\n<div class=\"elementor-widget-container\">Este portal, cuyo titular es\u00a0<strong>VRAIA CORP, S.L.<\/strong>\u00a0con N.I.F. B-54445978 domicilio social en\u00a0C\/ Siller\u00eda, 13 \u2013 CP:\u00a003680 \u2013\u00a0Aspe \u2013\u00a0Alicante, con n\u00famero de tel\u00e9fono 966-11.38.88 y e-mail: info@vraiacorp.com Reg. Mercantil Tomo Hoja Libro Folio Secci\u00f3n Anotaci\u00f3n Alicante 4026 A-154548 41 8 2\u00aa <strong>\u2013 Propiedad intelectual e industrial<\/strong> El dise\u00f1o del portal y sus c\u00f3digos fuente, as\u00ed como los logos, marcas y dem\u00e1s signos distintivos que aparecen en el mismo pertenecen a\u00a0\u00a0VRAIA CORP, S.L.\u00a0y est\u00e1n protegidos por los correspondientes derechos de propiedad intelectual e industrial. <strong>\u2013 Responsabilidad de los contenidos<\/strong> VRAIA CORP, S.L.\u00a0no se hace responsable de la legalidad de otros sitios web de terceros desde los que pueda accederse al portal.\u00a0\u00a0VRAIA CORP, S.L.\u00a0tampoco responde por la legalidad de otros sitios web de terceros, que pudieran estar vinculados o enlazados desde este portal.\u00a0\u00a0VRAIA CORP, S.L.\u00a0se reserva el derecho a realizar cambios en el sitio web sin previo aviso, al objeto de mantener actualizada su informaci\u00f3n, a\u00f1adiendo, modificando, corrigiendo o eliminando los contenidos publicados o el dise\u00f1o del portal.\u00a0\u00a0VRAIA CORP, S.L.\u00a0no ser\u00e1 responsable del uso que terceros hagan de la informaci\u00f3n publicada en el portal, ni tampoco de los da\u00f1os sufridos o p\u00e9rdidas econ\u00f3micas que, de forma directa o indirecta, produzcan o puedan producir perjuicios econ\u00f3micos, materiales o sobre datos, provocados por el uso de dicha informaci\u00f3n. <strong>\u2013 Reproducci\u00f3n de contenidos<\/strong> Se proh\u00edbe la reproducci\u00f3n total o parcial de los contenidos publicados en el portal. No obstante, los contenidos que sean considerados como datos abiertos en la Sede Electr\u00f3nica, publicados seg\u00fan lo previsto en el Real Decreto 1495\/2011, de 24 de octubre. <strong>\u2013 Ley aplicable<\/strong> La ley aplicable en caso de disputa o conflicto de interpretaci\u00f3n de los t\u00e9rminos que conforman este aviso legal, as\u00ed como cualquier cuesti\u00f3n relacionada con los servicios del presente portal, ser\u00e1 la ley espa\u00f1ola.<\/div>\r\n<\/div>\r\n<\/div>\r\n<\/div>","protected":false},"excerpt":{"rendered":"<p>VRAIA CORP, S.L.\u00a0se compromete a proteger su privacidad. Esta Pol\u00edtica de Privacidad explica c\u00f3mo recopilamos y utilizamos sus datos personales y qu\u00e9 derechos y opciones tiene al respecto. Consulte tambi\u00e9n nuestra Pol\u00edtica de cookies que explica el uso de cookies y&#8230;<\/p>","protected":false},"author":1,"featured_media":0,"parent":0,"menu_order":0,"comment_status":"closed","ping_status":"closed","template":"","meta":{"footnotes":""},"class_list":["post-15188","page","type-page","status-publish","hentry"],"yoast_head":"<!-- This site is optimized with the Yoast SEO plugin v27.0 - https:\/\/yoast.com\/product\/yoast-seo-wordpress\/ -->\n<title>Pol\u00edtica de privacidad - vraia<\/title>\n<meta name=\"robots\" content=\"index, follow, max-snippet:-1, max-image-preview:large, max-video-preview:-1\" \/>\n<link rel=\"canonical\" href=\"https:\/\/vraia.com\/pt\/politica-de-privacidad\/\" \/>\n<meta property=\"og:locale\" content=\"pt_PT\" \/>\n<meta property=\"og:type\" content=\"article\" \/>\n<meta property=\"og:title\" content=\"Pol\u00edtica de privacidad - vraia\" \/>\n<meta property=\"og:description\" content=\"VRAIA CORP, S.L.\u00a0se compromete a proteger su privacidad. Esta Pol\u00edtica de Privacidad explica c\u00f3mo recopilamos y utilizamos sus datos personales y qu\u00e9 derechos y opciones tiene al respecto. Consulte tambi\u00e9n nuestra Pol\u00edtica de cookies que explica el uso de cookies y...\" \/>\n<meta property=\"og:url\" content=\"https:\/\/vraia.com\/pt\/politica-de-privacidad\/\" \/>\n<meta property=\"og:site_name\" content=\"vraia\" \/>\n<meta property=\"article:modified_time\" content=\"2025-11-13T18:37:21+00:00\" \/>\n<meta name=\"twitter:card\" content=\"summary_large_image\" \/>\n<meta name=\"twitter:label1\" content=\"Tempo estimado de leitura\" \/>\n\t<meta name=\"twitter:data1\" content=\"7 minutos\" \/>\n<script type=\"application\/ld+json\" class=\"yoast-schema-graph\">{\"@context\":\"https:\/\/schema.org\",\"@graph\":[{\"@type\":\"WebPage\",\"@id\":\"https:\/\/vraia.com\/politica-de-privacidad\/\",\"url\":\"https:\/\/vraia.com\/politica-de-privacidad\/\",\"name\":\"Pol\u00edtica de privacidad - vraia\",\"isPartOf\":{\"@id\":\"https:\/\/vraia.com\/#website\"},\"datePublished\":\"2025-11-13T18:21:27+00:00\",\"dateModified\":\"2025-11-13T18:37:21+00:00\",\"breadcrumb\":{\"@id\":\"https:\/\/vraia.com\/politica-de-privacidad\/#breadcrumb\"},\"inLanguage\":\"pt-PT\",\"potentialAction\":[{\"@type\":\"ReadAction\",\"target\":[\"https:\/\/vraia.com\/politica-de-privacidad\/\"]}]},{\"@type\":\"BreadcrumbList\",\"@id\":\"https:\/\/vraia.com\/politica-de-privacidad\/#breadcrumb\",\"itemListElement\":[{\"@type\":\"ListItem\",\"position\":1,\"name\":\"Portada\",\"item\":\"https:\/\/vraia.com\/\"},{\"@type\":\"ListItem\",\"position\":2,\"name\":\"Pol\u00edtica de privacidad\"}]},{\"@type\":\"WebSite\",\"@id\":\"https:\/\/vraia.com\/#website\",\"url\":\"https:\/\/vraia.com\/\",\"name\":\"vraia\",\"description\":\"\",\"publisher\":{\"@id\":\"https:\/\/vraia.com\/#organization\"},\"potentialAction\":[{\"@type\":\"SearchAction\",\"target\":{\"@type\":\"EntryPoint\",\"urlTemplate\":\"https:\/\/vraia.com\/?s={search_term_string}\"},\"query-input\":{\"@type\":\"PropertyValueSpecification\",\"valueRequired\":true,\"valueName\":\"search_term_string\"}}],\"inLanguage\":\"pt-PT\"},{\"@type\":\"Organization\",\"@id\":\"https:\/\/vraia.com\/#organization\",\"name\":\"vraia\",\"url\":\"https:\/\/vraia.com\/\",\"logo\":{\"@type\":\"ImageObject\",\"inLanguage\":\"pt-PT\",\"@id\":\"https:\/\/vraia.com\/#\/schema\/logo\/image\/\",\"url\":\"https:\/\/vraia.com\/wp-content\/uploads\/2025\/10\/logo-VRAIA.svg\",\"contentUrl\":\"https:\/\/vraia.com\/wp-content\/uploads\/2025\/10\/logo-VRAIA.svg\",\"width\":318,\"height\":75,\"caption\":\"vraia\"},\"image\":{\"@id\":\"https:\/\/vraia.com\/#\/schema\/logo\/image\/\"}}]}<\/script>\n<!-- \/ Yoast SEO plugin. -->","yoast_head_json":{"title":"Pol\u00edtica de privacidad - vraia","robots":{"index":"index","follow":"follow","max-snippet":"max-snippet:-1","max-image-preview":"max-image-preview:large","max-video-preview":"max-video-preview:-1"},"canonical":"https:\/\/vraia.com\/pt\/politica-de-privacidad\/","og_locale":"pt_PT","og_type":"article","og_title":"Pol\u00edtica de privacidad - vraia","og_description":"VRAIA CORP, S.L.\u00a0se compromete a proteger su privacidad. Esta Pol\u00edtica de Privacidad explica c\u00f3mo recopilamos y utilizamos sus datos personales y qu\u00e9 derechos y opciones tiene al respecto. Consulte tambi\u00e9n nuestra Pol\u00edtica de cookies que explica el uso de cookies y...","og_url":"https:\/\/vraia.com\/pt\/politica-de-privacidad\/","og_site_name":"vraia","article_modified_time":"2025-11-13T18:37:21+00:00","twitter_card":"summary_large_image","twitter_misc":{"Tempo estimado de leitura":"7 minutos"},"schema":{"@context":"https:\/\/schema.org","@graph":[{"@type":"WebPage","@id":"https:\/\/vraia.com\/politica-de-privacidad\/","url":"https:\/\/vraia.com\/politica-de-privacidad\/","name":"Pol\u00edtica de privacidad - vraia","isPartOf":{"@id":"https:\/\/vraia.com\/#website"},"datePublished":"2025-11-13T18:21:27+00:00","dateModified":"2025-11-13T18:37:21+00:00","breadcrumb":{"@id":"https:\/\/vraia.com\/politica-de-privacidad\/#breadcrumb"},"inLanguage":"pt-PT","potentialAction":[{"@type":"ReadAction","target":["https:\/\/vraia.com\/politica-de-privacidad\/"]}]},{"@type":"BreadcrumbList","@id":"https:\/\/vraia.com\/politica-de-privacidad\/#breadcrumb","itemListElement":[{"@type":"ListItem","position":1,"name":"Portada","item":"https:\/\/vraia.com\/"},{"@type":"ListItem","position":2,"name":"Pol\u00edtica de privacidad"}]},{"@type":"WebSite","@id":"https:\/\/vraia.com\/#website","url":"https:\/\/vraia.com\/","name":"vraia","description":"","publisher":{"@id":"https:\/\/vraia.com\/#organization"},"potentialAction":[{"@type":"SearchAction","target":{"@type":"EntryPoint","urlTemplate":"https:\/\/vraia.com\/?s={search_term_string}"},"query-input":{"@type":"PropertyValueSpecification","valueRequired":true,"valueName":"search_term_string"}}],"inLanguage":"pt-PT"},{"@type":"Organization","@id":"https:\/\/vraia.com\/#organization","name":"vraia","url":"https:\/\/vraia.com\/","logo":{"@type":"ImageObject","inLanguage":"pt-PT","@id":"https:\/\/vraia.com\/#\/schema\/logo\/image\/","url":"https:\/\/vraia.com\/wp-content\/uploads\/2025\/10\/logo-VRAIA.svg","contentUrl":"https:\/\/vraia.com\/wp-content\/uploads\/2025\/10\/logo-VRAIA.svg","width":318,"height":75,"caption":"vraia"},"image":{"@id":"https:\/\/vraia.com\/#\/schema\/logo\/image\/"}}]}},"_links":{"self":[{"href":"https:\/\/vraia.com\/pt\/wp-json\/wp\/v2\/pages\/15188","targetHints":{"allow":["GET"]}}],"collection":[{"href":"https:\/\/vraia.com\/pt\/wp-json\/wp\/v2\/pages"}],"about":[{"href":"https:\/\/vraia.com\/pt\/wp-json\/wp\/v2\/types\/page"}],"author":[{"embeddable":true,"href":"https:\/\/vraia.com\/pt\/wp-json\/wp\/v2\/users\/1"}],"replies":[{"embeddable":true,"href":"https:\/\/vraia.com\/pt\/wp-json\/wp\/v2\/comments?post=15188"}],"version-history":[{"count":0,"href":"https:\/\/vraia.com\/pt\/wp-json\/wp\/v2\/pages\/15188\/revisions"}],"wp:attachment":[{"href":"https:\/\/vraia.com\/pt\/wp-json\/wp\/v2\/media?parent=15188"}],"curies":[{"name":"wp","href":"https:\/\/api.w.org\/{rel}","templated":true}]}}