{"id":2018,"date":"2024-12-26T16:58:08","date_gmt":"2024-12-26T16:58:08","guid":{"rendered":"https:\/\/demo.artureanec.com\/themes\/aiero\/?page_id=2018"},"modified":"2026-03-04T14:47:55","modified_gmt":"2026-03-04T13:47:55","slug":"contacte","status":"publish","type":"page","link":"https:\/\/vraia.com\/pt\/contacte\/","title":{"rendered":"Contato"},"content":{"rendered":"<div data-elementor-type=\"wp-page\" data-elementor-id=\"2018\" class=\"elementor elementor-2018\" data-elementor-post-type=\"page\">\r\n\t\t\t\t\t\t<section class=\"elementor-section elementor-top-section elementor-element elementor-element-387f0de elementor-section-full_width elementor-section-stretched elementor-reverse-tablet elementor-reverse-mobile elementor-section-height-default elementor-section-height-default\" data-id=\"387f0de\" data-element_type=\"section\" data-e-type=\"section\" data-settings=\"{&quot;stretch_section&quot;:&quot;section-stretched&quot;,&quot;background_background&quot;:&quot;classic&quot;}\">\r\n\t\t\t\t\t\t\t<div class=\"elementor-background-overlay\"><\/div>\r\n\t\t\t\t\t\t\t<div class=\"elementor-container elementor-column-gap-no\">\r\n\t\t\t\t\t<div class=\"elementor-column elementor-col-100 elementor-top-column elementor-element elementor-element-3c161ad\" data-id=\"3c161ad\" data-element_type=\"column\" data-e-type=\"column\">\r\n\t\t\t<div class=\"elementor-widget-wrap\">\r\n\t\t\t\t\t\t\t<\/div>\r\n\t\t<\/div>\r\n\t\t\t\t\t<\/div>\r\n\t\t<\/section>\r\n\t\t\t\t<section class=\"elementor-section elementor-top-section elementor-element elementor-element-385db0a8 elementor-section-stretched elementor-section-boxed elementor-section-height-default elementor-section-height-default\" data-id=\"385db0a8\" data-element_type=\"section\" data-e-type=\"section\" data-settings=\"{&quot;stretch_section&quot;:&quot;section-stretched&quot;,&quot;background_background&quot;:&quot;slideshow&quot;,&quot;background_slideshow_gallery&quot;:[],&quot;background_slideshow_loop&quot;:&quot;yes&quot;,&quot;background_slideshow_slide_duration&quot;:5000,&quot;background_slideshow_slide_transition&quot;:&quot;fade&quot;,&quot;background_slideshow_transition_duration&quot;:500}\">\r\n\t\t\t\t\t\t<div class=\"elementor-container elementor-column-gap-wide\">\r\n\t\t\t\t\t<div class=\"elementor-column elementor-col-50 elementor-top-column elementor-element elementor-element-509ce39c\" data-id=\"509ce39c\" data-element_type=\"column\" data-e-type=\"column\">\r\n\t\t\t<div class=\"elementor-widget-wrap elementor-element-populated\">\r\n\t\t\t\t\t\t<section class=\"elementor-section elementor-inner-section elementor-element elementor-element-dd14e1b elementor-section-boxed elementor-section-height-default elementor-section-height-default\" data-id=\"dd14e1b\" data-element_type=\"section\" data-e-type=\"section\">\r\n\t\t\t\t\t\t<div class=\"elementor-container elementor-column-gap-default\">\r\n\t\t\t\t\t<div class=\"elementor-column elementor-col-100 elementor-inner-column elementor-element elementor-element-354958d7\" data-id=\"354958d7\" data-element_type=\"column\" data-e-type=\"column\">\r\n\t\t\t<div class=\"elementor-widget-wrap elementor-element-populated\">\r\n\t\t\t\t\t\t<div class=\"elementor-element elementor-element-1ef6370 elementor-widget elementor-widget-aiero_heading\" data-id=\"1ef6370\" data-element_type=\"widget\" data-e-type=\"widget\" data-widget_type=\"aiero_heading.default\">\r\n\t\t\t\t<div class=\"elementor-widget-container\">\r\n\t\t\t\t\t<div class=\"aiero-heading-widget\"><h2 class=\"aiero-heading\"><span class=\"aiero-heading-content has_gradient_color_text\">Queremos ouvir-te.<\/span><\/h2><\/div>\t\t\t\t<\/div>\r\n\t\t\t\t<\/div>\r\n\t\t\t\t<div class=\"elementor-element elementor-element-e9ee800 elementor-widget elementor-widget-image\" data-id=\"e9ee800\" data-element_type=\"widget\" data-e-type=\"widget\" data-widget_type=\"image.default\">\r\n\t\t\t\t<div class=\"elementor-widget-container\">\r\n\t\t\t\t\t\t\t\t\t\t\t\t\t\t\t<img fetchpriority=\"high\" decoding=\"async\" width=\"505\" height=\"290\" src=\"https:\/\/vraia.com\/wp-content\/uploads\/2026\/01\/foto-nosotros.jpg\" class=\"attachment-large size-large wp-image-15910\" alt=\"\" srcset=\"https:\/\/vraia.com\/wp-content\/uploads\/2026\/01\/foto-nosotros.jpg 505w, https:\/\/vraia.com\/wp-content\/uploads\/2026\/01\/foto-nosotros-300x172.jpg 300w, https:\/\/vraia.com\/wp-content\/uploads\/2026\/01\/foto-nosotros-18x10.jpg 18w\" sizes=\"(max-width: 505px) 100vw, 505px\" \/>\t\t\t\t\t\t\t\t\t\t\t\t\t\t\t<\/div>\r\n\t\t\t\t<\/div>\r\n\t\t\t\t<div class=\"elementor-element elementor-element-514ad32b elementor-widget elementor-widget-text-editor\" data-id=\"514ad32b\" data-element_type=\"widget\" data-e-type=\"widget\" data-widget_type=\"text-editor.default\">\r\n\t\t\t\t<div class=\"elementor-widget-container\">\r\n\t\t\t\t\t\t\t\t\t<p>Cu\u00e9ntanos que necesitas y dinos c\u00f3mo contactar contigo.<br>O si lo prefieres puedes escribirnos directamente a <span style=\"color: #e94880;\"><a style=\"color: #e94880;\" href=\"mailto:info@vraiacorp.com\">info@vraia.com<\/a><\/span><\/p>\t\t\t\t\t\t\t\t<\/div>\r\n\t\t\t\t<\/div>\r\n\t\t\t\t\t<\/div>\r\n\t\t<\/div>\r\n\t\t\t\t\t<\/div>\r\n\t\t<\/section>\r\n\t\t\t\t<section class=\"elementor-section elementor-inner-section elementor-element elementor-element-750ee92d elementor-section-boxed elementor-section-height-default elementor-section-height-default\" data-id=\"750ee92d\" data-element_type=\"section\" data-e-type=\"section\">\r\n\t\t\t\t\t\t<div class=\"elementor-container elementor-column-gap-default\">\r\n\t\t\t\t\t<div class=\"elementor-column elementor-col-50 elementor-inner-column elementor-element elementor-element-79fd864c\" data-id=\"79fd864c\" data-element_type=\"column\" data-e-type=\"column\">\r\n\t\t\t<div class=\"elementor-widget-wrap elementor-element-populated\">\r\n\t\t\t\t\t\t<div class=\"elementor-element elementor-element-4679512 elementor-widget elementor-widget-aiero_heading\" data-id=\"4679512\" data-element_type=\"widget\" data-e-type=\"widget\" data-widget_type=\"aiero_heading.default\">\r\n\t\t\t\t<div class=\"elementor-widget-container\">\r\n\t\t\t\t\t<div class=\"aiero-heading-widget\"><h6 class=\"aiero-heading\"><span class=\"aiero-heading-content has_gradient_color_text\">Telefone<\/span><\/h6><\/div>\t\t\t\t<\/div>\r\n\t\t\t\t<\/div>\r\n\t\t\t\t<div class=\"elementor-element elementor-element-5cdd23b elementor-widget elementor-widget-text-editor\" data-id=\"5cdd23b\" data-element_type=\"widget\" data-e-type=\"widget\" data-widget_type=\"text-editor.default\">\r\n\t\t\t\t<div class=\"elementor-widget-container\">\r\n\t\t\t\t\t\t\t\t\t<a href=\"tel:+34 966 11 38 88\">+34 966 11 38 88<\/a>\t\t\t\t\t\t\t\t<\/div>\r\n\t\t\t\t<\/div>\r\n\t\t\t\t<div class=\"elementor-element elementor-element-7c6667e elementor-widget elementor-widget-aiero_heading\" data-id=\"7c6667e\" data-element_type=\"widget\" data-e-type=\"widget\" data-widget_type=\"aiero_heading.default\">\r\n\t\t\t\t<div class=\"elementor-widget-container\">\r\n\t\t\t\t\t<div class=\"aiero-heading-widget\"><h6 class=\"aiero-heading\"><span class=\"aiero-heading-content has_gradient_color_text\">Email<\/span><\/h6><\/div>\t\t\t\t<\/div>\r\n\t\t\t\t<\/div>\r\n\t\t\t\t<div class=\"elementor-element elementor-element-64ef08ce elementor-widget elementor-widget-text-editor\" data-id=\"64ef08ce\" data-element_type=\"widget\" data-e-type=\"widget\" data-widget_type=\"text-editor.default\">\r\n\t\t\t\t<div class=\"elementor-widget-container\">\r\n\t\t\t\t\t\t\t\t\t<p><a href=\"\/pt\/info@vraiacorp.com\/\"><span style=\"text-decoration: underline;\">info@vraia.com<\/span><\/a><\/p>\t\t\t\t\t\t\t\t<\/div>\r\n\t\t\t\t<\/div>\r\n\t\t\t\t\t<\/div>\r\n\t\t<\/div>\r\n\t\t\t\t<div class=\"elementor-column elementor-col-50 elementor-inner-column elementor-element elementor-element-781edec8\" data-id=\"781edec8\" data-element_type=\"column\" data-e-type=\"column\">\r\n\t\t\t<div class=\"elementor-widget-wrap elementor-element-populated\">\r\n\t\t\t\t\t\t<div class=\"elementor-element elementor-element-78fcd27 elementor-widget elementor-widget-aiero_heading\" data-id=\"78fcd27\" data-element_type=\"widget\" data-e-type=\"widget\" data-widget_type=\"aiero_heading.default\">\r\n\t\t\t\t<div class=\"elementor-widget-container\">\r\n\t\t\t\t\t<div class=\"aiero-heading-widget\"><h6 class=\"aiero-heading\"><span class=\"aiero-heading-content has_gradient_color_text\">A nossa localiza\u00e7\u00e3o<\/span><\/h6><\/div>\t\t\t\t<\/div>\r\n\t\t\t\t<\/div>\r\n\t\t\t\t<div class=\"elementor-element elementor-element-17ccfc6b elementor-widget elementor-widget-text-editor\" data-id=\"17ccfc6b\" data-element_type=\"widget\" data-e-type=\"widget\" data-widget_type=\"text-editor.default\">\r\n\t\t\t\t<div class=\"elementor-widget-container\">\r\n\t\t\t\t\t\t\t\t\tC. Siller\u00eda, 13, 03680 Aspe, Alicante\t\t\t\t\t\t\t\t<\/div>\r\n\t\t\t\t<\/div>\r\n\t\t\t\t<div class=\"elementor-element elementor-element-5c9f71d elementor-widget elementor-widget-aiero_heading\" data-id=\"5c9f71d\" data-element_type=\"widget\" data-e-type=\"widget\" data-widget_type=\"aiero_heading.default\">\r\n\t\t\t\t<div class=\"elementor-widget-container\">\r\n\t\t\t\t\t<div class=\"aiero-heading-widget\"><h6 class=\"aiero-heading\"><span class=\"aiero-heading-content has_gradient_color_text\">Redes sociais<\/span><\/h6><\/div>\t\t\t\t<\/div>\r\n\t\t\t\t<\/div>\r\n\t\t\t\t<div class=\"elementor-element elementor-element-5c62bdad elementor-shape-square e-grid-align-left elementor-grid-0 elementor-widget elementor-widget-social-icons\" data-id=\"5c62bdad\" data-element_type=\"widget\" data-e-type=\"widget\" data-widget_type=\"social-icons.default\">\r\n\t\t\t\t<div class=\"elementor-widget-container\">\r\n\t\t\t\t\t\t\t<div class=\"elementor-social-icons-wrapper elementor-grid\">\r\n\t\t\t\t\t\t\t<span class=\"elementor-grid-item\">\r\n\t\t\t\t\t<a class=\"elementor-icon elementor-social-icon elementor-social-icon-linkedin-in elementor-repeater-item-0770189\" href=\"https:\/\/es.linkedin.com\/company\/vraia-corp\" target=\"_blank\">\r\n\t\t\t\t\t\t<span class=\"elementor-screen-only\">Linkedin-in<\/span>\r\n\t\t\t\t\t\t<i aria-hidden=\"true\" class=\"fab fa-linkedin-in\"><\/i>\t\t\t\t\t<\/a>\r\n\t\t\t\t<\/span>\r\n\t\t\t\t\t<\/div>\r\n\t\t\t\t\t\t<\/div>\r\n\t\t\t\t<\/div>\r\n\t\t\t\t\t<\/div>\r\n\t\t<\/div>\r\n\t\t\t\t\t<\/div>\r\n\t\t<\/section>\r\n\t\t\t\t\t<\/div>\r\n\t\t<\/div>\r\n\t\t\t\t<div class=\"elementor-column elementor-col-50 elementor-top-column elementor-element elementor-element-745573ee\" data-id=\"745573ee\" data-element_type=\"column\" data-e-type=\"column\" data-settings=\"{&quot;background_background&quot;:&quot;classic&quot;}\">\r\n\t\t\t<div class=\"elementor-widget-wrap elementor-element-populated\">\r\n\t\t\t\t\t\t<div class=\"elementor-element elementor-element-51ad027 wpforms-button-border-style-solid wpforms-button-bakground-style-solid elementor-widget elementor-widget-aiero_wpforms\" data-id=\"51ad027\" data-element_type=\"widget\" data-e-type=\"widget\" data-widget_type=\"aiero_wpforms.default\">\r\n\t\t\t\t<div class=\"elementor-widget-container\">\r\n\t\t\t\t\t        <div class=\"aiero-wpforms-widget\">\r\n                    <\/div>\r\n        \t\t\t\t<\/div>\r\n\t\t\t\t<\/div>\r\n\t\t\t\t\t<\/div>\r\n\t\t<\/div>\r\n\t\t\t\t\t<\/div>\r\n\t\t<\/section>\r\n\t\t\t\t<section class=\"elementor-section elementor-top-section elementor-element elementor-element-8aab4ee elementor-section-stretched elementor-section-boxed elementor-section-height-default elementor-section-height-default\" data-id=\"8aab4ee\" data-element_type=\"section\" data-e-type=\"section\" data-settings=\"{&quot;stretch_section&quot;:&quot;section-stretched&quot;,&quot;background_background&quot;:&quot;classic&quot;}\">\r\n\t\t\t\t\t\t<div class=\"elementor-container elementor-column-gap-wide\">\r\n\t\t\t\t\t<div class=\"elementor-column elementor-col-100 elementor-top-column elementor-element elementor-element-8720246\" data-id=\"8720246\" data-element_type=\"column\" data-e-type=\"column\">\r\n\t\t\t<div class=\"elementor-widget-wrap elementor-element-populated\">\r\n\t\t\t\t\t\t<div class=\"elementor-element elementor-element-26e700a elementor-widget elementor-widget-heading\" data-id=\"26e700a\" data-element_type=\"widget\" data-e-type=\"widget\" data-widget_type=\"heading.default\">\r\n\t\t\t\t<div class=\"elementor-widget-container\">\r\n\t\t\t\t\t<h2 class=\"elementor-heading-title elementor-size-default\">VRAIA - Central<\/h2>\t\t\t\t<\/div>\r\n\t\t\t\t<\/div>\r\n\t\t\t\t<div class=\"elementor-element elementor-element-a0bddc5 elementor-widget elementor-widget-text-editor\" data-id=\"a0bddc5\" data-element_type=\"widget\" data-e-type=\"widget\" data-widget_type=\"text-editor.default\">\r\n\t\t\t\t<div class=\"elementor-widget-container\">\r\n\t\t\t\t\t\t\t\t\t<p style=\"text-align: center;\">VRAIA CORP SL &#8211; Central C. Siller\u00eda, 13, 03680 Aspe, Alicante | info@vraia.com<\/p>\t\t\t\t\t\t\t\t<\/div>\r\n\t\t\t\t<\/div>\r\n\t\t\t\t<div class=\"elementor-element elementor-element-98e637c elementor-widget elementor-widget-spacer\" data-id=\"98e637c\" data-element_type=\"widget\" data-e-type=\"widget\" data-widget_type=\"spacer.default\">\r\n\t\t\t\t<div class=\"elementor-widget-container\">\r\n\t\t\t\t\t\t\t<div class=\"elementor-spacer\">\r\n\t\t\t<div class=\"elementor-spacer-inner\"><\/div>\r\n\t\t<\/div>\r\n\t\t\t\t\t\t<\/div>\r\n\t\t\t\t<\/div>\r\n\t\t\t\t<div class=\"elementor-element elementor-element-a4d000f elementor-widget elementor-widget-image\" data-id=\"a4d000f\" data-element_type=\"widget\" data-e-type=\"widget\" data-widget_type=\"image.default\">\r\n\t\t\t\t<div class=\"elementor-widget-container\">\r\n\t\t\t\t\t\t\t\t\t\t\t\t\t\t\t<img decoding=\"async\" width=\"2193\" height=\"605\" src=\"https:\/\/vraia.com\/wp-content\/uploads\/2025\/11\/mapa.jpg\" class=\"attachment-full size-full wp-image-14787\" alt=\"\" srcset=\"https:\/\/vraia.com\/wp-content\/uploads\/2025\/11\/mapa.jpg 2193w, https:\/\/vraia.com\/wp-content\/uploads\/2025\/11\/mapa-300x83.jpg 300w, https:\/\/vraia.com\/wp-content\/uploads\/2025\/11\/mapa-1024x282.jpg 1024w, https:\/\/vraia.com\/wp-content\/uploads\/2025\/11\/mapa-768x212.jpg 768w, https:\/\/vraia.com\/wp-content\/uploads\/2025\/11\/mapa-600x166.jpg 600w\" sizes=\"(max-width: 2193px) 100vw, 2193px\" \/>\t\t\t\t\t\t\t\t\t\t\t\t\t\t\t<\/div>\r\n\t\t\t\t<\/div>\r\n\t\t\t\t\t<\/div>\r\n\t\t<\/div>\r\n\t\t\t\t\t<\/div>\r\n\t\t<\/section>\r\n\t\t\t\t<section class=\"elementor-section elementor-top-section elementor-element elementor-element-d838022 elementor-section-full_width elementor-section-stretched elementor-section-height-default elementor-section-height-default\" data-id=\"d838022\" data-element_type=\"section\" data-e-type=\"section\" data-settings=\"{&quot;stretch_section&quot;:&quot;section-stretched&quot;}\">\r\n\t\t\t\t\t\t<div class=\"elementor-container elementor-column-gap-no\">\r\n\t\t\t\t\t<div class=\"elementor-column elementor-col-100 elementor-top-column elementor-element elementor-element-4602714\" data-id=\"4602714\" data-element_type=\"column\" data-e-type=\"column\">\r\n\t\t\t<div class=\"elementor-widget-wrap elementor-element-populated\">\r\n\t\t\t\t\t\t<div class=\"elementor-element elementor-element-40d3905 elementor-widget elementor-widget-google_maps\" data-id=\"40d3905\" data-element_type=\"widget\" data-e-type=\"widget\" data-widget_type=\"google_maps.default\">\r\n\t\t\t\t<div class=\"elementor-widget-container\">\r\n\t\t\t\t\t\t\t<div class=\"elementor-custom-embed\">\r\n\t\t\t<iframe loading=\"lazy\"\r\n\t\t\t\t\tsrc=\"https:\/\/maps.google.com\/maps?q=C.%20Siller%C3%ADa%2C%2013%2C%2003680%20Aspe%2C%20Alicante&#038;t=m&#038;z=10&#038;output=embed&#038;iwloc=near\"\r\n\t\t\t\t\ttitle=\"C. Siller\u00eda, 13, 03680 Aspe, Alicante\"\r\n\t\t\t\t\taria-label=\"C. Siller\u00eda, 13, 03680 Aspe, Alicante\"\r\n\t\t\t><\/iframe>\r\n\t\t<\/div>\r\n\t\t\t\t\t\t<\/div>\r\n\t\t\t\t<\/div>\r\n\t\t\t\t\t<\/div>\r\n\t\t<\/div>\r\n\t\t\t\t\t<\/div>\r\n\t\t<\/section>\r\n\t\t\t\t<section class=\"elementor-section elementor-top-section elementor-element elementor-element-d299d42 elementor-section-boxed elementor-section-height-default elementor-section-height-default\" data-id=\"d299d42\" data-element_type=\"section\" data-e-type=\"section\">\r\n\t\t\t\t\t\t<div class=\"elementor-container elementor-column-gap-default\">\r\n\t\t\t\t\t<div class=\"elementor-column elementor-col-100 elementor-top-column elementor-element elementor-element-466c47c\" data-id=\"466c47c\" data-element_type=\"column\" data-e-type=\"column\">\r\n\t\t\t<div class=\"elementor-widget-wrap elementor-element-populated\">\r\n\t\t\t\t\t\t\t<\/div>\r\n\t\t<\/div>\r\n\t\t\t\t\t<\/div>\r\n\t\t<\/section>\r\n\t\t\t\t<\/div>","protected":false},"excerpt":{"rendered":"<p>Cu\u00e9ntanos que necesitas y dinos c\u00f3mo contactar contigo.O si lo prefieres puedes escribirnos directamente a info@vraia.com +34 966 11 38 88 info@vraia.com C. Siller\u00eda, 13, 03680 Aspe, Alicante Linkedin-in VRAIA &#8211; Central VRAIA CORP SL &#8211; Central C. Siller\u00eda, 13, 03680&#8230;<\/p>","protected":false},"author":1,"featured_media":0,"parent":0,"menu_order":0,"comment_status":"closed","ping_status":"closed","template":"","meta":{"footnotes":""},"class_list":["post-2018","page","type-page","status-publish","hentry"],"yoast_head":"<!-- This site is optimized with the Yoast SEO plugin v27.0 - https:\/\/yoast.com\/product\/yoast-seo-wordpress\/ -->\n<title>Contacto | Automatizaci\u00f3n Industrial, IA y Rob\u00f3tica | VRAIA<\/title>\n<meta name=\"description\" content=\"Contacta con VRAIA para proyectos de automatizaci\u00f3n industrial, visi\u00f3n artificial, rob\u00f3tica y agentes IA. Cu\u00e9ntanos tu caso y te respondemos.\" \/>\n<meta name=\"robots\" content=\"index, follow, max-snippet:-1, max-image-preview:large, max-video-preview:-1\" \/>\n<link rel=\"canonical\" href=\"https:\/\/vraia.com\/pt\/contacte\/\" \/>\n<meta property=\"og:locale\" content=\"pt_PT\" \/>\n<meta property=\"og:type\" content=\"article\" \/>\n<meta property=\"og:title\" content=\"Contacto | Automatizaci\u00f3n Industrial, IA y Rob\u00f3tica | VRAIA\" \/>\n<meta property=\"og:description\" content=\"Contacta con VRAIA para proyectos de automatizaci\u00f3n industrial, visi\u00f3n artificial, rob\u00f3tica y agentes IA. Cu\u00e9ntanos tu caso y te respondemos.\" \/>\n<meta property=\"og:url\" content=\"https:\/\/vraia.com\/pt\/contacte\/\" \/>\n<meta property=\"og:site_name\" content=\"vraia\" \/>\n<meta property=\"article:modified_time\" content=\"2026-03-04T13:47:55+00:00\" \/>\n<meta property=\"og:image\" content=\"https:\/\/vraia.com\/wp-content\/uploads\/2026\/01\/foto-nosotros.jpg\" \/>\n\t<meta property=\"og:image:width\" content=\"505\" \/>\n\t<meta property=\"og:image:height\" content=\"290\" \/>\n\t<meta property=\"og:image:type\" content=\"image\/jpeg\" \/>\n<meta name=\"twitter:card\" content=\"summary_large_image\" \/>\n<meta name=\"twitter:label1\" content=\"Tempo estimado de leitura\" \/>\n\t<meta name=\"twitter:data1\" content=\"1 minuto\" \/>\n<script type=\"application\/ld+json\" class=\"yoast-schema-graph\">{\"@context\":\"https:\/\/schema.org\",\"@graph\":[{\"@type\":\"WebPage\",\"@id\":\"https:\/\/vraia.com\/contacto\/\",\"url\":\"https:\/\/vraia.com\/contacto\/\",\"name\":\"Contacto | Automatizaci\u00f3n Industrial, IA y Rob\u00f3tica | VRAIA\",\"isPartOf\":{\"@id\":\"https:\/\/vraia.com\/#website\"},\"primaryImageOfPage\":{\"@id\":\"https:\/\/vraia.com\/contacto\/#primaryimage\"},\"image\":{\"@id\":\"https:\/\/vraia.com\/contacto\/#primaryimage\"},\"thumbnailUrl\":\"https:\/\/vraia.com\/wp-content\/uploads\/2026\/01\/foto-nosotros.jpg\",\"datePublished\":\"2024-12-26T16:58:08+00:00\",\"dateModified\":\"2026-03-04T13:47:55+00:00\",\"description\":\"Contacta con VRAIA para proyectos de automatizaci\u00f3n industrial, visi\u00f3n artificial, rob\u00f3tica y agentes IA. Cu\u00e9ntanos tu caso y te respondemos.\",\"breadcrumb\":{\"@id\":\"https:\/\/vraia.com\/contacto\/#breadcrumb\"},\"inLanguage\":\"pt-PT\",\"potentialAction\":[{\"@type\":\"ReadAction\",\"target\":[\"https:\/\/vraia.com\/contacto\/\"]}]},{\"@type\":\"ImageObject\",\"inLanguage\":\"pt-PT\",\"@id\":\"https:\/\/vraia.com\/contacto\/#primaryimage\",\"url\":\"https:\/\/vraia.com\/wp-content\/uploads\/2026\/01\/foto-nosotros.jpg\",\"contentUrl\":\"https:\/\/vraia.com\/wp-content\/uploads\/2026\/01\/foto-nosotros.jpg\"},{\"@type\":\"BreadcrumbList\",\"@id\":\"https:\/\/vraia.com\/contacto\/#breadcrumb\",\"itemListElement\":[{\"@type\":\"ListItem\",\"position\":1,\"name\":\"Portada\",\"item\":\"https:\/\/vraia.com\/\"},{\"@type\":\"ListItem\",\"position\":2,\"name\":\"Contacto\"}]},{\"@type\":\"WebSite\",\"@id\":\"https:\/\/vraia.com\/#website\",\"url\":\"https:\/\/vraia.com\/\",\"name\":\"vraia\",\"description\":\"\",\"publisher\":{\"@id\":\"https:\/\/vraia.com\/#organization\"},\"potentialAction\":[{\"@type\":\"SearchAction\",\"target\":{\"@type\":\"EntryPoint\",\"urlTemplate\":\"https:\/\/vraia.com\/?s={search_term_string}\"},\"query-input\":{\"@type\":\"PropertyValueSpecification\",\"valueRequired\":true,\"valueName\":\"search_term_string\"}}],\"inLanguage\":\"pt-PT\"},{\"@type\":\"Organization\",\"@id\":\"https:\/\/vraia.com\/#organization\",\"name\":\"vraia\",\"url\":\"https:\/\/vraia.com\/\",\"logo\":{\"@type\":\"ImageObject\",\"inLanguage\":\"pt-PT\",\"@id\":\"https:\/\/vraia.com\/#\/schema\/logo\/image\/\",\"url\":\"https:\/\/vraia.com\/wp-content\/uploads\/2025\/10\/logo-VRAIA.svg\",\"contentUrl\":\"https:\/\/vraia.com\/wp-content\/uploads\/2025\/10\/logo-VRAIA.svg\",\"width\":318,\"height\":75,\"caption\":\"vraia\"},\"image\":{\"@id\":\"https:\/\/vraia.com\/#\/schema\/logo\/image\/\"}}]}<\/script>\n<!-- \/ Yoast SEO plugin. -->","yoast_head_json":{"title":"Contacto | Automa\u00e7\u00e3o Industrial, IA e Rob\u00f3tica | VRAIA","description":"Contacte a VRAIA para projetos de automa\u00e7\u00e3o industrial, vis\u00e3o artificial, rob\u00f3tica e agentes de IA. Conte-nos o seu caso e respondemos rapidamente.","robots":{"index":"index","follow":"follow","max-snippet":"max-snippet:-1","max-image-preview":"max-image-preview:large","max-video-preview":"max-video-preview:-1"},"canonical":"https:\/\/vraia.com\/pt\/contacte\/","og_locale":"pt_PT","og_type":"article","og_title":"Contacto | Automatizaci\u00f3n Industrial, IA y Rob\u00f3tica | VRAIA","og_description":"Contacta con VRAIA para proyectos de automatizaci\u00f3n industrial, visi\u00f3n artificial, rob\u00f3tica y agentes IA. Cu\u00e9ntanos tu caso y te respondemos.","og_url":"https:\/\/vraia.com\/pt\/contacte\/","og_site_name":"vraia","article_modified_time":"2026-03-04T13:47:55+00:00","og_image":[{"width":505,"height":290,"url":"https:\/\/vraia.com\/wp-content\/uploads\/2026\/01\/foto-nosotros.jpg","type":"image\/jpeg"}],"twitter_card":"summary_large_image","twitter_misc":{"Tempo estimado de leitura":"1 minuto"},"schema":{"@context":"https:\/\/schema.org","@graph":[{"@type":"WebPage","@id":"https:\/\/vraia.com\/contacto\/","url":"https:\/\/vraia.com\/contacto\/","name":"Contacto | Automa\u00e7\u00e3o Industrial, IA e Rob\u00f3tica | VRAIA","isPartOf":{"@id":"https:\/\/vraia.com\/#website"},"primaryImageOfPage":{"@id":"https:\/\/vraia.com\/contacto\/#primaryimage"},"image":{"@id":"https:\/\/vraia.com\/contacto\/#primaryimage"},"thumbnailUrl":"https:\/\/vraia.com\/wp-content\/uploads\/2026\/01\/foto-nosotros.jpg","datePublished":"2024-12-26T16:58:08+00:00","dateModified":"2026-03-04T13:47:55+00:00","description":"Contacte a VRAIA para projetos de automa\u00e7\u00e3o industrial, vis\u00e3o artificial, rob\u00f3tica e agentes de IA. Conte-nos o seu caso e respondemos rapidamente.","breadcrumb":{"@id":"https:\/\/vraia.com\/contacto\/#breadcrumb"},"inLanguage":"pt-PT","potentialAction":[{"@type":"ReadAction","target":["https:\/\/vraia.com\/contacto\/"]}]},{"@type":"ImageObject","inLanguage":"pt-PT","@id":"https:\/\/vraia.com\/contacto\/#primaryimage","url":"https:\/\/vraia.com\/wp-content\/uploads\/2026\/01\/foto-nosotros.jpg","contentUrl":"https:\/\/vraia.com\/wp-content\/uploads\/2026\/01\/foto-nosotros.jpg"},{"@type":"BreadcrumbList","@id":"https:\/\/vraia.com\/contacto\/#breadcrumb","itemListElement":[{"@type":"ListItem","position":1,"name":"Portada","item":"https:\/\/vraia.com\/"},{"@type":"ListItem","position":2,"name":"Contacto"}]},{"@type":"WebSite","@id":"https:\/\/vraia.com\/#website","url":"https:\/\/vraia.com\/","name":"vraia","description":"","publisher":{"@id":"https:\/\/vraia.com\/#organization"},"potentialAction":[{"@type":"SearchAction","target":{"@type":"EntryPoint","urlTemplate":"https:\/\/vraia.com\/?s={search_term_string}"},"query-input":{"@type":"PropertyValueSpecification","valueRequired":true,"valueName":"search_term_string"}}],"inLanguage":"pt-PT"},{"@type":"Organization","@id":"https:\/\/vraia.com\/#organization","name":"vraia","url":"https:\/\/vraia.com\/","logo":{"@type":"ImageObject","inLanguage":"pt-PT","@id":"https:\/\/vraia.com\/#\/schema\/logo\/image\/","url":"https:\/\/vraia.com\/wp-content\/uploads\/2025\/10\/logo-VRAIA.svg","contentUrl":"https:\/\/vraia.com\/wp-content\/uploads\/2025\/10\/logo-VRAIA.svg","width":318,"height":75,"caption":"vraia"},"image":{"@id":"https:\/\/vraia.com\/#\/schema\/logo\/image\/"}}]}},"_links":{"self":[{"href":"https:\/\/vraia.com\/pt\/wp-json\/wp\/v2\/pages\/2018","targetHints":{"allow":["GET"]}}],"collection":[{"href":"https:\/\/vraia.com\/pt\/wp-json\/wp\/v2\/pages"}],"about":[{"href":"https:\/\/vraia.com\/pt\/wp-json\/wp\/v2\/types\/page"}],"author":[{"embeddable":true,"href":"https:\/\/vraia.com\/pt\/wp-json\/wp\/v2\/users\/1"}],"replies":[{"embeddable":true,"href":"https:\/\/vraia.com\/pt\/wp-json\/wp\/v2\/comments?post=2018"}],"version-history":[{"count":0,"href":"https:\/\/vraia.com\/pt\/wp-json\/wp\/v2\/pages\/2018\/revisions"}],"wp:attachment":[{"href":"https:\/\/vraia.com\/pt\/wp-json\/wp\/v2\/media?parent=2018"}],"curies":[{"name":"wp","href":"https:\/\/api.w.org\/{rel}","templated":true}]}}